{"id":184,"date":"2020-10-22T11:10:17","date_gmt":"2020-10-22T09:10:17","guid":{"rendered":"https:\/\/festiv-at-home.com\/?page_id=184"},"modified":"2023-10-21T17:39:01","modified_gmt":"2023-10-21T15:39:01","slug":"programme","status":"publish","type":"page","link":"https:\/\/festiv-at-home.com\/en\/programme\/","title":{"rendered":"Program"},"content":{"rendered":"<h1 style=\"text-align: left;\"><strong>PROGRAM<\/strong><\/h1>\n<p><img loading=\"lazy\" decoding=\"async\" class=\"img-frame aligncenter\" src=\"https:\/\/festiv-at-home.com\/wp-content\/uploads\/2023\/04\/SabbatMinaude.png\" width=\"258\" height=\"523\" \/><\/p>\n<p>Throughout the day you can admire the creations of the different artists participating to the event.<\/p>\n<p>Navigate between the different universes that will be proposed to you.<\/p>\n<p>We organize games and conferences to animate the event. Do not hesitate to join us on Discord if you are interested!<\/p>\n<p><img loading=\"lazy\" decoding=\"async\" class=\"img-frame aligncenter\" src=\"https:\/\/festiv-at-home.com\/wp-content\/uploads\/2023\/10\/FestProgramme2023-general.jpg\" width=\"720\" height=\"1018\" \/><\/p>\n<h2><strong>GAMES AND ANIMATIONS<\/strong><\/h2>\n<p>Throughout the day you can play with us:<\/p>\n<ul>\n<li>Vote for the winner of the photo competition!<\/li>\n<li>Watch and vote for the winner of the makeup doll contest!<\/li>\n<li>Play the treasure hunt!<\/li>\n<li>Share with us the draw of the raffle which will be made live, and discover the great prizes of our sponsors!<\/li>\n<\/ul>\n<p>&nbsp;<\/p>\n<h2><strong>CONFERENCES<\/strong><\/h2>\n<p>Several conferences and discussions will be organised to allow you to better understand and deepen your knowledge:<\/p>\n<ul>\n<li><span style=\"color: #800080;\"><strong>ARTIST ZOOM<\/strong><\/span>, we have the great honour to welcome <strong>TSUBI DOLLS<\/strong>, a talented make-up artist specialising in Pullip OOAK, who will be talking to us about her career, her world and giving us a demonstration!<\/li>\n<\/ul>\n<p>&nbsp;<\/p>\n<h2><strong>PRESENTATIONS<\/strong><\/h2>\n<p>The exhibitors will present their creations in video on Discord.<\/p>\n<p>Follow us on the Discord server throughout the day to discover our wonderful artists and their creations!<\/p>\n<p>&nbsp;<\/p>\n<hr \/>\n<p><em><strong>2022 edition program:<\/strong><\/em><\/p>\n<p><img decoding=\"async\" class=\"img-frame aligncenter\" src=\"https:\/\/festiv-at-home.com\/wp-content\/uploads\/2022\/10\/FestProgramme2022-General.jpg\" \/><\/p>\n<p>&nbsp;<\/p>\n<h2><strong>GAMES AND ANIMATIONS<\/strong><\/h2>\n<p>Throughout the day you can play with us:<\/p>\n<ul>\n<li>Vote for the winner of the photo competition!<\/li>\n<li>Watch and vote for the winner of the makeup doll contest!<\/li>\n<li>Play the treasure hunt!<\/li>\n<li>Share with us the draw of the raffle which will be made live, and discover the great prizes of our sponsors!<\/li>\n<\/ul>\n<p>&nbsp;<\/p>\n<h2><strong>CONFERENCES<\/strong><\/h2>\n<p>Several conferences and discussions will be organised to allow you to better understand and deepen your knowledge:<\/p>\n<ul>\n<li><span style=\"color: #800080;\"><strong>3D ACCESSORY PAINTING<\/strong><\/span>You dream of observing and learning all about how to paint a prop yourself, <strong>BAD ROMANCE<\/strong> explains all !<\/li>\n<li><span style=\"color: #800080;\"><strong>ARTIST ZOOM<\/strong><\/span>, we have the great honour to welcome <strong>CREATURES DOLL<\/strong>BJD's creator, to tell you about her career, her creations and her world!<\/li>\n<\/ul>\n<p>&nbsp;<\/p>\n<h2><strong>PRESENTATIONS<\/strong><\/h2>\n<p>The exhibitors will present their creations in video on Discord.<\/p>\n<p>Follow us on the Discord server throughout the day to discover our wonderful artists and their creations!<\/p>\n<p>&nbsp;<\/p>\n<p>&nbsp;<\/p>\n<hr \/>\n<p><em><strong>24th oct 2021 edition program:<\/strong><\/em><\/p>\n<p><img decoding=\"async\" class=\"img-frame aligncenter\" src=\"https:\/\/festiv-at-home.com\/wp-content\/uploads\/2021\/10\/FestProgramme2021.jpg\" \/><\/p>\n<p>&nbsp;<\/p>\n<h2><strong>GAMES<\/strong><\/h2>\n<p>Throughout the day you can play with us:<\/p>\n<ul>\n<li>Vote for the winner of the photo competition!<\/li>\n<li>Play the treasure hunt and find Spiddy!<\/li>\n<li>Take the quiz \"What's your doll buyer avatar?<\/li>\n<li>Share with us the draw of the raffle which will be made live, and discover the great prizes of our sponsors!<\/li>\n<\/ul>\n<p>&nbsp;<\/p>\n<h2><strong>CONFERENCES<\/strong><\/h2>\n<p>Several conferences and discussions will be organised to allow you to better understand and deepen your knowledge:<\/p>\n<ul>\n<li><span style=\"color: #800080;\"><strong>BEHIND THE BJD<\/strong><\/span>A short video retraces all the necessary steps in the creation of a professional or artisanal BJD, by <strong>SAKURA DH<\/strong><\/li>\n<li><strong><span style=\"color: #800080;\">PRICE IS LIFE<\/span><\/strong>, <strong>AU PAYS DES PULLIP<\/strong> invites us to an immersion in the heart of the choice of prices in the creative environment, the components, the constraints...<\/li>\n<li><span style=\"color: #800080;\"><strong>DOLL PHOTO FOR NOOBS<\/strong><\/span>, <strong>PUPPEVONPRINCEZS<\/strong> will lead a workshop to explain how to make a success of your doll photos as a beginner.<\/li>\n<li><span style=\"color: #800080;\"><strong>DOLL ACCESSORIES IN 3D<\/strong><\/span>You want to know how to create your own 3D doll accessories, <strong>BAD ROMANCE<\/strong> explains all !<\/li>\n<li><span style=\"color: #800080;\"><strong>ARTIST ZOOM<\/strong><\/span>, we have the great honour to welcome <strong>DEPTHS DOLLS<\/strong>BJD's creator, to tell you about his career, his creations and his world!<\/li>\n<\/ul>\n<p>&nbsp;<\/p>\n<h2><strong>PRESENTATIONS<\/strong><\/h2>\n<p>The exhibitors will present their creations in live video on Discord.<\/p>\n<p>Follow us on the Discord server throughout the day to discover our wonderful artists and their creations!<\/p>","protected":false},"excerpt":{"rendered":"<p>PROGRAMME Tout au long de la journ\u00e9e vous pourrez admirer les cr\u00e9ations des diff\u00e9rents artistes participants \u00e0 l&rsquo;\u00e9v\u00e8nement. Naviguez entre [&hellip;]<\/p>","protected":false},"author":1,"featured_media":0,"parent":0,"menu_order":0,"comment_status":"closed","ping_status":"closed","template":"template-full-custom.php","meta":{"_vp_format_video_url":"","_vp_image_focal_point":[],"footnotes":""},"class_list":["post-184","page","type-page","status-publish","hentry"],"yoast_head":"<!-- This site is optimized with the Yoast SEO plugin v26.2 - https:\/\/yoast.com\/wordpress\/plugins\/seo\/ -->\n<title>Programme - Festiv&#039;at Home<\/title>\n<meta name=\"robots\" content=\"index, follow, max-snippet:-1, max-image-preview:large, max-video-preview:-1\" \/>\n<link rel=\"canonical\" href=\"https:\/\/festiv-at-home.com\/en\/programme\/\" \/>\n<meta property=\"og:locale\" content=\"en_GB\" \/>\n<meta property=\"og:type\" content=\"article\" \/>\n<meta property=\"og:title\" content=\"Programme - Festiv&#039;at Home\" \/>\n<meta property=\"og:description\" content=\"PROGRAMME Tout au long de la journ\u00e9e vous pourrez admirer les cr\u00e9ations des diff\u00e9rents artistes participants \u00e0 l&rsquo;\u00e9v\u00e8nement. Naviguez entre [&hellip;]\" \/>\n<meta property=\"og:url\" content=\"https:\/\/festiv-at-home.com\/en\/programme\/\" \/>\n<meta property=\"og:site_name\" content=\"Festiv&#039;at Home\" \/>\n<meta property=\"article:modified_time\" content=\"2023-10-21T15:39:01+00:00\" \/>\n<meta property=\"og:image\" content=\"https:\/\/festiv-at-home.com\/wp-content\/uploads\/2023\/04\/SabbatMinaude.png\" \/>\n<meta name=\"twitter:card\" content=\"summary_large_image\" \/>\n<meta name=\"twitter:label1\" content=\"Estimated reading time\" \/>\n\t<meta name=\"twitter:data1\" content=\"4 minutes\" \/>\n<script type=\"application\/ld+json\" class=\"yoast-schema-graph\">{\"@context\":\"https:\/\/schema.org\",\"@graph\":[{\"@type\":\"WebPage\",\"@id\":\"https:\/\/festiv-at-home.com\/programme\/\",\"url\":\"https:\/\/festiv-at-home.com\/programme\/\",\"name\":\"Programme - Festiv&#039;at Home\",\"isPartOf\":{\"@id\":\"https:\/\/festiv-at-home.com\/#website\"},\"primaryImageOfPage\":{\"@id\":\"https:\/\/festiv-at-home.com\/programme\/#primaryimage\"},\"image\":{\"@id\":\"https:\/\/festiv-at-home.com\/programme\/#primaryimage\"},\"thumbnailUrl\":\"https:\/\/festiv-at-home.com\/wp-content\/uploads\/2023\/04\/SabbatMinaude.png\",\"datePublished\":\"2020-10-22T09:10:17+00:00\",\"dateModified\":\"2023-10-21T15:39:01+00:00\",\"breadcrumb\":{\"@id\":\"https:\/\/festiv-at-home.com\/programme\/#breadcrumb\"},\"inLanguage\":\"en-GB\",\"potentialAction\":[{\"@type\":\"ReadAction\",\"target\":[\"https:\/\/festiv-at-home.com\/programme\/\"]}]},{\"@type\":\"ImageObject\",\"inLanguage\":\"en-GB\",\"@id\":\"https:\/\/festiv-at-home.com\/programme\/#primaryimage\",\"url\":\"https:\/\/festiv-at-home.com\/wp-content\/uploads\/2023\/04\/SabbatMinaude.png\",\"contentUrl\":\"https:\/\/festiv-at-home.com\/wp-content\/uploads\/2023\/04\/SabbatMinaude.png\"},{\"@type\":\"BreadcrumbList\",\"@id\":\"https:\/\/festiv-at-home.com\/programme\/#breadcrumb\",\"itemListElement\":[{\"@type\":\"ListItem\",\"position\":1,\"name\":\"Accueil\",\"item\":\"https:\/\/festiv-at-home.com\/\"},{\"@type\":\"ListItem\",\"position\":2,\"name\":\"Programme\"}]},{\"@type\":\"WebSite\",\"@id\":\"https:\/\/festiv-at-home.com\/#website\",\"url\":\"https:\/\/festiv-at-home.com\/\",\"name\":\"Festiv&#039;at Home\",\"description\":\"The Virtual Doll festival\",\"potentialAction\":[{\"@type\":\"SearchAction\",\"target\":{\"@type\":\"EntryPoint\",\"urlTemplate\":\"https:\/\/festiv-at-home.com\/?s={search_term_string}\"},\"query-input\":{\"@type\":\"PropertyValueSpecification\",\"valueRequired\":true,\"valueName\":\"search_term_string\"}}],\"inLanguage\":\"en-GB\"}]}<\/script>\n<!-- \/ Yoast SEO plugin. -->","yoast_head_json":{"title":"Programme - Festiv&#039;at Home","robots":{"index":"index","follow":"follow","max-snippet":"max-snippet:-1","max-image-preview":"max-image-preview:large","max-video-preview":"max-video-preview:-1"},"canonical":"https:\/\/festiv-at-home.com\/en\/programme\/","og_locale":"en_GB","og_type":"article","og_title":"Programme - Festiv&#039;at Home","og_description":"PROGRAMME Tout au long de la journ\u00e9e vous pourrez admirer les cr\u00e9ations des diff\u00e9rents artistes participants \u00e0 l&rsquo;\u00e9v\u00e8nement. Naviguez entre [&hellip;]","og_url":"https:\/\/festiv-at-home.com\/en\/programme\/","og_site_name":"Festiv&#039;at Home","article_modified_time":"2023-10-21T15:39:01+00:00","og_image":[{"url":"https:\/\/festiv-at-home.com\/wp-content\/uploads\/2023\/04\/SabbatMinaude.png","type":"","width":"","height":""}],"twitter_card":"summary_large_image","twitter_misc":{"Estimated reading time":"4 minutes"},"schema":{"@context":"https:\/\/schema.org","@graph":[{"@type":"WebPage","@id":"https:\/\/festiv-at-home.com\/programme\/","url":"https:\/\/festiv-at-home.com\/programme\/","name":"Programme - Festiv&#039;at Home","isPartOf":{"@id":"https:\/\/festiv-at-home.com\/#website"},"primaryImageOfPage":{"@id":"https:\/\/festiv-at-home.com\/programme\/#primaryimage"},"image":{"@id":"https:\/\/festiv-at-home.com\/programme\/#primaryimage"},"thumbnailUrl":"https:\/\/festiv-at-home.com\/wp-content\/uploads\/2023\/04\/SabbatMinaude.png","datePublished":"2020-10-22T09:10:17+00:00","dateModified":"2023-10-21T15:39:01+00:00","breadcrumb":{"@id":"https:\/\/festiv-at-home.com\/programme\/#breadcrumb"},"inLanguage":"en-GB","potentialAction":[{"@type":"ReadAction","target":["https:\/\/festiv-at-home.com\/programme\/"]}]},{"@type":"ImageObject","inLanguage":"en-GB","@id":"https:\/\/festiv-at-home.com\/programme\/#primaryimage","url":"https:\/\/festiv-at-home.com\/wp-content\/uploads\/2023\/04\/SabbatMinaude.png","contentUrl":"https:\/\/festiv-at-home.com\/wp-content\/uploads\/2023\/04\/SabbatMinaude.png"},{"@type":"BreadcrumbList","@id":"https:\/\/festiv-at-home.com\/programme\/#breadcrumb","itemListElement":[{"@type":"ListItem","position":1,"name":"Accueil","item":"https:\/\/festiv-at-home.com\/"},{"@type":"ListItem","position":2,"name":"Programme"}]},{"@type":"WebSite","@id":"https:\/\/festiv-at-home.com\/#website","url":"https:\/\/festiv-at-home.com\/","name":"Festiv&#039;at Home","description":"The Virtual Doll festival","potentialAction":[{"@type":"SearchAction","target":{"@type":"EntryPoint","urlTemplate":"https:\/\/festiv-at-home.com\/?s={search_term_string}"},"query-input":{"@type":"PropertyValueSpecification","valueRequired":true,"valueName":"search_term_string"}}],"inLanguage":"en-GB"}]}},"_links":{"self":[{"href":"https:\/\/festiv-at-home.com\/en\/wp-json\/wp\/v2\/pages\/184","targetHints":{"allow":["GET"]}}],"collection":[{"href":"https:\/\/festiv-at-home.com\/en\/wp-json\/wp\/v2\/pages"}],"about":[{"href":"https:\/\/festiv-at-home.com\/en\/wp-json\/wp\/v2\/types\/page"}],"author":[{"embeddable":true,"href":"https:\/\/festiv-at-home.com\/en\/wp-json\/wp\/v2\/users\/1"}],"replies":[{"embeddable":true,"href":"https:\/\/festiv-at-home.com\/en\/wp-json\/wp\/v2\/comments?post=184"}],"version-history":[{"count":53,"href":"https:\/\/festiv-at-home.com\/en\/wp-json\/wp\/v2\/pages\/184\/revisions"}],"predecessor-version":[{"id":2999,"href":"https:\/\/festiv-at-home.com\/en\/wp-json\/wp\/v2\/pages\/184\/revisions\/2999"}],"wp:attachment":[{"href":"https:\/\/festiv-at-home.com\/en\/wp-json\/wp\/v2\/media?parent=184"}],"curies":[{"name":"wp","href":"https:\/\/api.w.org\/{rel}","templated":true}]}}