{"id":562,"date":"2021-04-03T18:26:58","date_gmt":"2021-04-03T16:26:58","guid":{"rendered":"https:\/\/festiv-at-home.com\/?page_id=562"},"modified":"2025-10-10T19:49:30","modified_gmt":"2025-10-10T17:49:30","slug":"tombola","status":"publish","type":"page","link":"https:\/\/festiv-at-home.com\/en\/tombola\/","title":{"rendered":"Raffle"},"content":{"rendered":"<h4 style=\"text-align: center;\"><\/h4>\n<p><img loading=\"lazy\" decoding=\"async\" class=\"img-frame aligncenter\" src=\"https:\/\/festiv-at-home.com\/wp-content\/uploads\/2025\/06\/PumpelupHappi.png\" width=\"450\" height=\"429\" \/><\/p>\n<h1 style=\"text-align: center;\"><strong><span style=\"color: #ff6600;\">RAFFLE, RAFFLE !<\/span><\/strong><\/h1>\n<p style=\"text-align: center;\">To make this day even more unique, not one, but two raffles will be held!<\/p>\n<p style=\"text-align: center;\">One will be on the <span style=\"color: #800080;\"><strong>Pullip<\/strong><\/span>theme, the other on the <span style=\"color: #800080;\"><strong>BJD<\/strong><\/span>theme, there is something for everyone.<\/p>\n<p style=\"text-align: center;\">&#8212;<\/p>\n<p style=\"text-align: center;\">Here is the list of generous donations from our creators and sponsors.<\/p>\n<p style=\"text-align: center;\"><span style=\"color: #800080;\"><strong>AGAIN A BIIIIG THANK YOU TO THEM!<\/strong><\/span><\/p>\n<p style=\"text-align: center;\"><span style=\"color: #808080;\"><em>In order to make the raffle more festive, some donations will be grouped together to form themed prizes.<\/em><\/span><\/p>\n<div class=\"omsc-toggle\"><div class=\"omsc-toggle-title\"><strong>RAFFLE RULES<\/strong><\/div><div class=\"omsc-toggle-inner\"><\/p>\n<p><em>A literal English translation is provided for informational purposes. The French version is binding.<\/em><\/p>\n<p>&nbsp;<\/p>\n<p><strong><u>Festiv'at Home Raffle:<\/u><\/strong><\/p>\n<p>The regulations described here govern the operation of the virtual festival raffle(s).<\/p>\n<p>Lors du salon le 19 octobre 2025, deux tombolas seront propos\u00e9es.<\/p>\n<ul>\n<li>Pullip thematic raffle<\/li>\n<li>BJD thematic raffle<\/li>\n<\/ul>\n<p>&nbsp;<\/p>\n<p><strong><u>The tickets:<\/u><\/strong><\/p>\n<p>Digital tickets are available for purchase:<\/p>\n<ul>\n<li><strong>1,15\u20ac per unit by Paypal<\/strong> on the shop of festiv-at-home.com<\/li>\n<\/ul>\n<p><strong>Be sure to select the thematic raffle of your choice, for technical reasons we will not be able to modify the tickets issued.<\/strong><\/p>\n<p><strong>THE TICKETS WILL BE NOMINATIVE, NO NEED TO LOOK FOR THE TICKET NUMBER!<\/strong><\/p>\n<p>&nbsp;<\/p>\n<p><strong><u>Subscription<\/u><\/strong><\/p>\n<p>Tickets will be on sale and accessible to all, from<strong> 7 Octobre 2025.<\/strong><\/p>\n<p>Sales will close on <strong>19 octobre 2025 \u00e0 18h00 <\/strong>French time.<\/p>\n<p>&nbsp;<\/p>\n<p>Le tirage au sort de chacune des deux tombolas, sera effectu\u00e9 en visioconf\u00e9rence et en direct, le 20 octobre 2024 sur le serveur Discord du salon.<\/p>\n<p>This drawing of lots will be done in strict compliance with the selection \u201cby chance\u201d of the winners, and in good faith.<\/p>\n<p>&nbsp;<\/p>\n<p><strong><u>Winners:<\/u><\/strong><\/p>\n<p>When purchasing your raffle ticket(s), you must provide your full contact details (Name, first name, email, postal address, telephone). This information must be complete, precise and correct.<\/p>\n<p>&nbsp;<\/p>\n<p>Participants in the raffle(s) are not required to attend the raffle live.<\/p>\n<p>&nbsp;<\/p>\n<p>Les lots seront attribu\u00e9s \u00e0 un seul ticket gagnant par tombola th\u00e9matique et r\u00e9serv\u00e9s, puis envoy\u00e9s directement au gagnant gr\u00e2ce \u00e0 ses coordonn\u00e9es. Il n\u2019y aura pas de retirage des lots sauf d\u00e9sistement volontaire du\/des gagnant(s).<\/p>\n<p>&nbsp;<\/p>\n<p>The prizes will be sent within 15 days by post to the selected winners, at the expense of the association.<\/p>\n<p>&nbsp;<\/p>\n<p>These lots being generous donations from our sponsors, no claim can be made as to the conformity of the goods received, or in the event of loss or damage to the delivery services.<\/p>\n<p>&nbsp;<\/p>\n<p><strong><u>Prizes:<\/u><\/strong><\/p>\n<p>The prizes made available are gifts kindly offered by our partners and sponsors.<\/p>\n<p>No financial contribution from the association was requested.<\/p>\n<p>&nbsp;<\/p>\n<p><strong>We would like to thank our generous creators again for their donations and support. <\/strong><\/p>\n<p>&nbsp;<\/p>\n<p><strong><u>Benefits:<\/u><\/strong><\/p>\n<p>Profits made by the Festiv\u2019at Home association from the sale of raffle tickets will be used to promote the world of artist and collectible dolls at themed events.<\/p>\n<p><\/div><\/div>\n<div class=\"omsc-box omsc-with-border omsc-with-bg-color\" style=\"border-width:3px;border-color:#ed803d;background-color:#ffffff;text-align:center;color:#444444\"><div class=\"omsc-box-inner\"><\/p>\n<p><div class=\"omsc-toggle\"><div class=\"omsc-toggle-title\">I BUY WITH PAYPAL - 1,15\u20ac PER TICKET<\/div><div class=\"omsc-toggle-inner\"><\/p>\n<p>Tickets purchased via Paypal are \u20ac1.15 to include Paypal fees<\/p>\n<p><div class=\"woocommerce columns-2\"><ul class=\"products columns-2\">\n<li class=\"product type-product post-1498 status-publish first outofstock product_cat-tombola has-post-thumbnail shipping-taxable purchasable product-type-simple\">\n\t<a href=\"https:\/\/festiv-at-home.com\/en\/product\/ticket-tombola-bjd\/\" class=\"woocommerce-LoopProduct-link woocommerce-loop-product__link\"><img loading=\"lazy\" decoding=\"async\" width=\"300\" height=\"300\" src=\"https:\/\/festiv-at-home.com\/wp-content\/uploads\/2021\/10\/TicketBJDraffle-300x300.jpg\" class=\"attachment-woocommerce_thumbnail size-woocommerce_thumbnail\" alt=\"Ticket tombola BJD\" srcset=\"https:\/\/festiv-at-home.com\/wp-content\/uploads\/2021\/10\/TicketBJDraffle-300x300.jpg 300w, https:\/\/festiv-at-home.com\/wp-content\/uploads\/2021\/10\/TicketBJDraffle-100x100.jpg 100w, https:\/\/festiv-at-home.com\/wp-content\/uploads\/2021\/10\/TicketBJDraffle-600x600.jpg 600w, https:\/\/festiv-at-home.com\/wp-content\/uploads\/2021\/10\/TicketBJDraffle-150x150.jpg 150w, https:\/\/festiv-at-home.com\/wp-content\/uploads\/2021\/10\/TicketBJDraffle-768x768.jpg 768w, https:\/\/festiv-at-home.com\/wp-content\/uploads\/2021\/10\/TicketBJDraffle-12x12.jpg 12w, https:\/\/festiv-at-home.com\/wp-content\/uploads\/2021\/10\/TicketBJDraffle-500x500.jpg 500w, https:\/\/festiv-at-home.com\/wp-content\/uploads\/2021\/10\/TicketBJDraffle.jpg 800w\" sizes=\"auto, (max-width: 300px) 100vw, 300px\" \/><h2 class=\"woocommerce-loop-product__title\">BJD Raffle Ticket<\/h2>\n\t<span class=\"price\"><span class=\"woocommerce-Price-amount amount\"><bdi>1,15&nbsp;<span class=\"woocommerce-Price-currencySymbol\">&euro;<\/span><\/bdi><\/span><\/span>\n<\/a><a href=\"https:\/\/festiv-at-home.com\/en\/product\/ticket-tombola-bjd\/\" aria-describedby=\"woocommerce_loop_add_to_cart_link_describedby_1498\" data-quantity=\"1\" class=\"button product_type_simple\" data-product_id=\"1498\" data-product_sku=\"\" aria-label=\"Read more about \u201cTicket Tombola BJD\u201d\" rel=\"nofollow\" data-success_message=\"\" data-no-translation=\"\" data-trp-gettext=\"\" data-no-translation-aria-label=\"\">Read more<\/a>\t<span id=\"woocommerce_loop_add_to_cart_link_describedby_1498\" class=\"screen-reader-text\">\n\t\t\t<\/span>\n<\/li>\n<li class=\"product type-product post-1494 status-publish last outofstock product_cat-tombola has-post-thumbnail shipping-taxable purchasable product-type-simple\">\n\t<a href=\"https:\/\/festiv-at-home.com\/en\/product\/ticket-tombola-pullip\/\" class=\"woocommerce-LoopProduct-link woocommerce-loop-product__link\"><img loading=\"lazy\" decoding=\"async\" width=\"300\" height=\"300\" src=\"https:\/\/festiv-at-home.com\/wp-content\/uploads\/2021\/10\/TicketPullipraffle-300x300.jpg\" class=\"attachment-woocommerce_thumbnail size-woocommerce_thumbnail\" alt=\"Ticket tombola Pullip\" srcset=\"https:\/\/festiv-at-home.com\/wp-content\/uploads\/2021\/10\/TicketPullipraffle-300x300.jpg 300w, https:\/\/festiv-at-home.com\/wp-content\/uploads\/2021\/10\/TicketPullipraffle-100x100.jpg 100w, https:\/\/festiv-at-home.com\/wp-content\/uploads\/2021\/10\/TicketPullipraffle-600x600.jpg 600w, https:\/\/festiv-at-home.com\/wp-content\/uploads\/2021\/10\/TicketPullipraffle-150x150.jpg 150w, https:\/\/festiv-at-home.com\/wp-content\/uploads\/2021\/10\/TicketPullipraffle-768x768.jpg 768w, https:\/\/festiv-at-home.com\/wp-content\/uploads\/2021\/10\/TicketPullipraffle-12x12.jpg 12w, https:\/\/festiv-at-home.com\/wp-content\/uploads\/2021\/10\/TicketPullipraffle-500x500.jpg 500w, https:\/\/festiv-at-home.com\/wp-content\/uploads\/2021\/10\/TicketPullipraffle.jpg 800w\" sizes=\"auto, (max-width: 300px) 100vw, 300px\" \/><h2 class=\"woocommerce-loop-product__title\">PULLIP Raffle Ticket<\/h2>\n\t<span class=\"price\"><span class=\"woocommerce-Price-amount amount\"><bdi>1,15&nbsp;<span class=\"woocommerce-Price-currencySymbol\">&euro;<\/span><\/bdi><\/span><\/span>\n<\/a><a href=\"https:\/\/festiv-at-home.com\/en\/product\/ticket-tombola-pullip\/\" aria-describedby=\"woocommerce_loop_add_to_cart_link_describedby_1494\" data-quantity=\"1\" class=\"button product_type_simple\" data-product_id=\"1494\" data-product_sku=\"\" aria-label=\"Read more about \u201cTicket Tombola PULLIP\u201d\" rel=\"nofollow\" data-success_message=\"\" data-no-translation=\"\" data-trp-gettext=\"\" data-no-translation-aria-label=\"\">Read more<\/a>\t<span id=\"woocommerce_loop_add_to_cart_link_describedby_1494\" class=\"screen-reader-text\">\n\t\t\t<\/span>\n<\/li>\n<\/ul>\n<\/div><\/p>\n<p><\/div><\/div><\/div><\/div>\n<hr \/>\n<h3 style=\"text-align: center;\"><strong>DONATION LIST<\/strong><\/h3>\n<p style=\"text-align: center;\">We are still receiving lots every day, this list will be updated as we go along.<\/p>\n<p>&nbsp;<\/p>\n<div class=\"cols-wrapper cols-2\">\n<div class=\"col\">\n<p><img decoding=\"async\" class=\"img-frame aligncenter\" src=\"https:\/\/festiv-at-home.com\/wp-content\/uploads\/2025\/10\/1-prix-Pullip-blythe.jpg\" \/><\/p>\n<p style=\"text-align: center;\"><strong>LOT 1 \/ BLYTHE FC<\/strong><\/p>\n<p style=\"text-align: center;\">Dollybreak (doll)<br \/>\nAu pays des Pullip ( tenue)<br \/>\nLa boite \u00e0 Poup\u00e9e (balai)<\/p>\n<p style=\"text-align: center;\"><img decoding=\"async\" class=\"img-frame aligncenter\" src=\"https:\/\/festiv-at-home.com\/wp-content\/uploads\/2021\/10\/IconPullipRaffle.png\" \/><\/p>\n<\/div>\n<div class=\"col nomargin\">\n<p style=\"text-align: center;\"><img decoding=\"async\" class=\"img-frame aligncenter\" src=\"https:\/\/festiv-at-home.com\/wp-content\/uploads\/2025\/10\/IMG_4158b.jpg\" \/><\/p>\n<p style=\"text-align: center;\"><strong>LOT 1 \/ BJD<\/strong><\/p>\n<p style=\"text-align: center;\">Festiv&rsquo; at Home (doll)<br \/>\nLe Mouton en Sucre ( custom)<\/p>\n<p style=\"text-align: center;\"><img decoding=\"async\" class=\"img-frame aligncenter\" src=\"https:\/\/festiv-at-home.com\/wp-content\/uploads\/2021\/10\/IconBjdRaffle.png\" \/><\/p>\n<\/div>\n<\/div>\n<p>&nbsp;<\/p>\n<div class=\"cols-wrapper cols-2\">\n<div class=\"col\">\n<p style=\"text-align: center;\"><img decoding=\"async\" class=\"img-frame aligncenter\" src=\"https:\/\/festiv-at-home.com\/wp-content\/uploads\/2025\/10\/dal-2eme-prix-pullip.jpg\" \/><\/p>\n<p style=\"text-align: center;\"><strong>LOT 2 \/\u00a0 DAL FC<\/strong><\/p>\n<p style=\"text-align: center;\">Tsubi Dolls (doll)<br \/>\nAu Pays des Pullip ( tenue)<\/p>\n<p><img decoding=\"async\" class=\"img-frame aligncenter\" src=\"https:\/\/festiv-at-home.com\/wp-content\/uploads\/2021\/10\/IconPullipRaffle.png\" \/><\/p>\n<\/div>\n<div class=\"col nomargin\">\n<p><img decoding=\"async\" class=\"img-frame aligncenter\" src=\"https:\/\/festiv-at-home.com\/wp-content\/uploads\/2025\/10\/2-eme-prix-BJD.jpg\" \/><\/p>\n<p style=\"text-align: center;\"><strong>LOT 2\u00a0<\/strong><\/p>\n<p style=\"text-align: center;\">Mune in the wood (cre\u00e9ature)<br \/>\nAetorial ( croix miniature)<br \/>\nSunnyshop211 (pentacle)<br \/>\nMissnekotaku (marque page)<\/p>\n<p style=\"text-align: center;\"><img decoding=\"async\" class=\"img-frame aligncenter\" src=\"https:\/\/festiv-at-home.com\/wp-content\/uploads\/2021\/10\/IconBjdRaffle.png\" \/><\/p>\n<\/div>\n<\/div>\n<p>&nbsp;<\/p>\n<div class=\"cols-wrapper cols-2\">\n<div class=\"col\">\n<p style=\"text-align: center;\"><img decoding=\"async\" class=\"img-frame aligncenter\" src=\"https:\/\/festiv-at-home.com\/wp-content\/uploads\/2025\/10\/3-prix-pullip.jpg\" \/><\/p>\n<p style=\"text-align: center;\"><strong>LOT 3 \/ Bon Custom<\/strong><\/p>\n<p style=\"text-align: center;\">Tsubi Dolls<\/p>\n<p><img decoding=\"async\" class=\"img-frame aligncenter\" src=\"https:\/\/festiv-at-home.com\/wp-content\/uploads\/2021\/10\/IconPullipRaffle.png\" \/><\/p>\n<\/div>\n<div class=\"col nomargin\">\n<p><img decoding=\"async\" class=\"img-frame aligncenter\" src=\"https:\/\/festiv-at-home.com\/wp-content\/uploads\/2025\/10\/3-eme-prix-BJD.jpg\" \/><\/p>\n<p style=\"text-align: center;\"><strong>LOT 3<\/strong><\/p>\n<p style=\"text-align: center;\">Thomas Marjorie (Pounchki)<br \/>\nMissnekotaku (Keychain, citrouille)<br \/>\nAetorial (croix miniature)<\/p>\n<p style=\"text-align: center;\"><img decoding=\"async\" class=\"img-frame aligncenter\" src=\"https:\/\/festiv-at-home.com\/wp-content\/uploads\/2021\/10\/IconBjdRaffle.png\" \/><\/p>\n<\/div>\n<\/div>\n<p>&nbsp;<\/p>\n<div class=\"cols-wrapper cols-2\">\n<div class=\"col\">\n<p style=\"text-align: center;\"><img decoding=\"async\" class=\"img-frame aligncenter\" src=\"https:\/\/festiv-at-home.com\/wp-content\/uploads\/2025\/10\/4-prix-pullip.jpg\" \/><\/p>\n<p style=\"text-align: center;\"><strong>LOT 4<\/strong><\/p>\n<p style=\"text-align: center;\">Aetorial<\/p>\n<p><img decoding=\"async\" class=\"img-frame aligncenter\" src=\"https:\/\/festiv-at-home.com\/wp-content\/uploads\/2021\/10\/IconPullipRaffle.png\" \/><\/p>\n<\/div>\n<div class=\"col nomargin\">\n<p><img decoding=\"async\" class=\"img-frame aligncenter\" src=\"https:\/\/festiv-at-home.com\/wp-content\/uploads\/2025\/10\/4-eme-prix-BJD.jpg\" \/><\/p>\n<p style=\"text-align: center;\"><strong>LOT 4<\/strong><\/p>\n<p style=\"text-align: center;\">Missnekotaku<\/p>\n<p><img decoding=\"async\" class=\"img-frame aligncenter\" src=\"https:\/\/festiv-at-home.com\/wp-content\/uploads\/2021\/10\/IconBjdRaffle.png\" \/><\/p>\n<\/div>\n<\/div>\n<p>&nbsp;<\/p>\n<div class=\"cols-wrapper cols-2\">\n<div class=\"col\">\n<p style=\"text-align: center;\"><img decoding=\"async\" class=\"img-frame aligncenter\" src=\"https:\/\/festiv-at-home.com\/wp-content\/uploads\/2025\/10\/5eme-prix-pullip.jpg\" \/><\/p>\n<p style=\"text-align: center;\"><strong>LOT 5\u00a0<\/strong><\/p>\n<p style=\"text-align: center;\">Doll and sensibility ( tenue)<br \/>\nAetorial ( masque)<br \/>\nLa boite \u00e0 poup\u00e9e ( accessoire)<\/p>\n<p style=\"text-align: center;\"><img decoding=\"async\" class=\"img-frame aligncenter\" src=\"https:\/\/festiv-at-home.com\/wp-content\/uploads\/2021\/10\/IconPullipRaffle.png\" \/><\/p>\n<\/div>\n<div class=\"col nomargin\">\n<p><img decoding=\"async\" class=\"img-frame aligncenter\" src=\"https:\/\/festiv-at-home.com\/wp-content\/uploads\/2025\/10\/5-eme-prix-BJD.jpg\" \/><\/p>\n<p style=\"text-align: center;\"><strong>LOT 5<\/strong><\/p>\n<p style=\"text-align: center;\">MissNekotaku (dino, keychain)<br \/>\nAu pays des Pullip ( Accessoires)<\/p>\n<p><img decoding=\"async\" class=\"img-frame aligncenter\" src=\"https:\/\/festiv-at-home.com\/wp-content\/uploads\/2021\/10\/IconBjdRaffle.png\" \/><\/p>\n<\/div>\n<\/div>\n<p>&nbsp;<\/p>\n<div class=\"cols-wrapper cols-2\">\n<div class=\"col\">\n<p style=\"text-align: center;\"><img decoding=\"async\" class=\"img-frame aligncenter\" src=\"https:\/\/festiv-at-home.com\/wp-content\/uploads\/2025\/10\/6-prix-pullip.jpg\" \/><\/p>\n<p style=\"text-align: center;\"><strong>LOT 6<\/strong><\/p>\n<p style=\"text-align: center;\">Doll and sensibility ( tenue)<br \/>\nAetorial ( masque)<br \/>\nLa boite \u00e0 poup\u00e9e ( eyechips)<\/p>\n<p><img decoding=\"async\" class=\"img-frame aligncenter\" src=\"https:\/\/festiv-at-home.com\/wp-content\/uploads\/2021\/10\/IconPullipRaffle.png\" \/><\/p>\n<\/div>\n<div class=\"col nomargin\">\n<p style=\"text-align: center;\"><img decoding=\"async\" class=\"img-frame aligncenter\" src=\"https:\/\/festiv-at-home.com\/wp-content\/uploads\/2025\/10\/6-prix-bjd-.jpg\" \/><\/p>\n<p style=\"text-align: center;\"><strong>LOT 6<\/strong><\/p>\n<p style=\"text-align: center;\">MissNekotaku (accessoires)<br \/>\nAu Pays des Pullip (tenues)<\/p>\n<p><img decoding=\"async\" class=\"img-frame aligncenter\" src=\"https:\/\/festiv-at-home.com\/wp-content\/uploads\/2021\/10\/IconBjdRaffle.png\" \/><\/p>\n<\/div>\n<\/div>\n<p>&nbsp;<\/p>\n<div class=\"cols-wrapper cols-2\">\n<div class=\"col\">\n<p style=\"text-align: center;\"><img decoding=\"async\" class=\"img-frame aligncenter\" src=\"https:\/\/festiv-at-home.com\/wp-content\/uploads\/2025\/10\/7-eme-prix-Pullip-2.jpg\" \/><\/p>\n<p style=\"text-align: center;\"><strong>LOT 7<\/strong><\/p>\n<p style=\"text-align: center;\">Au Pays des Pullip<\/p>\n<p style=\"text-align: center;\"><img decoding=\"async\" class=\"img-frame aligncenter\" src=\"https:\/\/festiv-at-home.com\/wp-content\/uploads\/2021\/10\/IconPullipRaffle.png\" \/><\/p>\n<\/div>\n<div class=\"col nomargin\">\n<p><img decoding=\"async\" class=\"img-frame aligncenter\" src=\"https:\/\/festiv-at-home.com\/wp-content\/uploads\/2025\/10\/7-eme-lot-BJD.jpg\" \/><\/p>\n<p style=\"text-align: center;\"><strong>LOT 7<\/strong><\/p>\n<p style=\"text-align: center;\">Mune in the woods ( lapin)<br \/>\nMissnekotaku ( Marque page)<br \/>\nAu Pays des Pullip ( accessoire, robe)<\/p>\n<p style=\"text-align: center;\"><img decoding=\"async\" class=\"img-frame aligncenter\" src=\"https:\/\/festiv-at-home.com\/wp-content\/uploads\/2021\/10\/IconBjdRaffle.png\" \/><\/p>\n<\/div>\n<\/div>\n<p>&nbsp;<\/p>","protected":false},"excerpt":{"rendered":"<p>TOMBOLA, TOMBOLA ! Afin de rendre cette journ\u00e9e encore plus unique, ce n&rsquo;est pas une, mais bien deux tombolas qui [&hellip;]<\/p>","protected":false},"author":1,"featured_media":0,"parent":0,"menu_order":0,"comment_status":"closed","ping_status":"closed","template":"template-full-custom.php","meta":{"_vp_format_video_url":"","_vp_image_focal_point":[],"footnotes":""},"class_list":["post-562","page","type-page","status-publish","hentry"],"yoast_head":"<!-- This site is optimized with the Yoast SEO plugin v26.2 - https:\/\/yoast.com\/wordpress\/plugins\/seo\/ -->\n<title>Tombola - Festiv&#039;at Home<\/title>\n<meta name=\"robots\" content=\"index, follow, max-snippet:-1, max-image-preview:large, max-video-preview:-1\" \/>\n<link rel=\"canonical\" href=\"https:\/\/festiv-at-home.com\/en\/tombola\/\" \/>\n<meta property=\"og:locale\" content=\"en_GB\" \/>\n<meta property=\"og:type\" content=\"article\" \/>\n<meta property=\"og:title\" content=\"Tombola - Festiv&#039;at Home\" \/>\n<meta property=\"og:description\" content=\"TOMBOLA, TOMBOLA ! Afin de rendre cette journ\u00e9e encore plus unique, ce n&rsquo;est pas une, mais bien deux tombolas qui [&hellip;]\" \/>\n<meta property=\"og:url\" content=\"https:\/\/festiv-at-home.com\/en\/tombola\/\" \/>\n<meta property=\"og:site_name\" content=\"Festiv&#039;at Home\" \/>\n<meta property=\"article:modified_time\" content=\"2025-10-10T17:49:30+00:00\" \/>\n<meta property=\"og:image\" content=\"https:\/\/festiv-at-home.com\/wp-content\/uploads\/2025\/06\/PumpelupHappi.png\" \/>\n<meta name=\"twitter:card\" content=\"summary_large_image\" \/>\n<meta name=\"twitter:label1\" content=\"Estimated reading time\" \/>\n\t<meta name=\"twitter:data1\" content=\"10 minutes\" \/>\n<script type=\"application\/ld+json\" class=\"yoast-schema-graph\">{\"@context\":\"https:\/\/schema.org\",\"@graph\":[{\"@type\":\"WebPage\",\"@id\":\"https:\/\/festiv-at-home.com\/tombola\/\",\"url\":\"https:\/\/festiv-at-home.com\/tombola\/\",\"name\":\"Tombola - Festiv&#039;at Home\",\"isPartOf\":{\"@id\":\"https:\/\/festiv-at-home.com\/#website\"},\"primaryImageOfPage\":{\"@id\":\"https:\/\/festiv-at-home.com\/tombola\/#primaryimage\"},\"image\":{\"@id\":\"https:\/\/festiv-at-home.com\/tombola\/#primaryimage\"},\"thumbnailUrl\":\"https:\/\/festiv-at-home.com\/wp-content\/uploads\/2025\/06\/PumpelupHappi.png\",\"datePublished\":\"2021-04-03T16:26:58+00:00\",\"dateModified\":\"2025-10-10T17:49:30+00:00\",\"breadcrumb\":{\"@id\":\"https:\/\/festiv-at-home.com\/tombola\/#breadcrumb\"},\"inLanguage\":\"en-GB\",\"potentialAction\":[{\"@type\":\"ReadAction\",\"target\":[\"https:\/\/festiv-at-home.com\/tombola\/\"]}]},{\"@type\":\"ImageObject\",\"inLanguage\":\"en-GB\",\"@id\":\"https:\/\/festiv-at-home.com\/tombola\/#primaryimage\",\"url\":\"https:\/\/festiv-at-home.com\/wp-content\/uploads\/2025\/06\/PumpelupHappi.png\",\"contentUrl\":\"https:\/\/festiv-at-home.com\/wp-content\/uploads\/2025\/06\/PumpelupHappi.png\"},{\"@type\":\"BreadcrumbList\",\"@id\":\"https:\/\/festiv-at-home.com\/tombola\/#breadcrumb\",\"itemListElement\":[{\"@type\":\"ListItem\",\"position\":1,\"name\":\"Accueil\",\"item\":\"https:\/\/festiv-at-home.com\/\"},{\"@type\":\"ListItem\",\"position\":2,\"name\":\"Tombola\"}]},{\"@type\":\"WebSite\",\"@id\":\"https:\/\/festiv-at-home.com\/#website\",\"url\":\"https:\/\/festiv-at-home.com\/\",\"name\":\"Festiv&#039;at Home\",\"description\":\"The Virtual Doll festival\",\"potentialAction\":[{\"@type\":\"SearchAction\",\"target\":{\"@type\":\"EntryPoint\",\"urlTemplate\":\"https:\/\/festiv-at-home.com\/?s={search_term_string}\"},\"query-input\":{\"@type\":\"PropertyValueSpecification\",\"valueRequired\":true,\"valueName\":\"search_term_string\"}}],\"inLanguage\":\"en-GB\"}]}<\/script>\n<!-- \/ Yoast SEO plugin. -->","yoast_head_json":{"title":"Tombola - Festiv&#039;at Home","robots":{"index":"index","follow":"follow","max-snippet":"max-snippet:-1","max-image-preview":"max-image-preview:large","max-video-preview":"max-video-preview:-1"},"canonical":"https:\/\/festiv-at-home.com\/en\/tombola\/","og_locale":"en_GB","og_type":"article","og_title":"Tombola - Festiv&#039;at Home","og_description":"TOMBOLA, TOMBOLA ! Afin de rendre cette journ\u00e9e encore plus unique, ce n&rsquo;est pas une, mais bien deux tombolas qui [&hellip;]","og_url":"https:\/\/festiv-at-home.com\/en\/tombola\/","og_site_name":"Festiv&#039;at Home","article_modified_time":"2025-10-10T17:49:30+00:00","og_image":[{"url":"https:\/\/festiv-at-home.com\/wp-content\/uploads\/2025\/06\/PumpelupHappi.png","type":"","width":"","height":""}],"twitter_card":"summary_large_image","twitter_misc":{"Estimated reading time":"10 minutes"},"schema":{"@context":"https:\/\/schema.org","@graph":[{"@type":"WebPage","@id":"https:\/\/festiv-at-home.com\/tombola\/","url":"https:\/\/festiv-at-home.com\/tombola\/","name":"Tombola - Festiv&#039;at Home","isPartOf":{"@id":"https:\/\/festiv-at-home.com\/#website"},"primaryImageOfPage":{"@id":"https:\/\/festiv-at-home.com\/tombola\/#primaryimage"},"image":{"@id":"https:\/\/festiv-at-home.com\/tombola\/#primaryimage"},"thumbnailUrl":"https:\/\/festiv-at-home.com\/wp-content\/uploads\/2025\/06\/PumpelupHappi.png","datePublished":"2021-04-03T16:26:58+00:00","dateModified":"2025-10-10T17:49:30+00:00","breadcrumb":{"@id":"https:\/\/festiv-at-home.com\/tombola\/#breadcrumb"},"inLanguage":"en-GB","potentialAction":[{"@type":"ReadAction","target":["https:\/\/festiv-at-home.com\/tombola\/"]}]},{"@type":"ImageObject","inLanguage":"en-GB","@id":"https:\/\/festiv-at-home.com\/tombola\/#primaryimage","url":"https:\/\/festiv-at-home.com\/wp-content\/uploads\/2025\/06\/PumpelupHappi.png","contentUrl":"https:\/\/festiv-at-home.com\/wp-content\/uploads\/2025\/06\/PumpelupHappi.png"},{"@type":"BreadcrumbList","@id":"https:\/\/festiv-at-home.com\/tombola\/#breadcrumb","itemListElement":[{"@type":"ListItem","position":1,"name":"Accueil","item":"https:\/\/festiv-at-home.com\/"},{"@type":"ListItem","position":2,"name":"Tombola"}]},{"@type":"WebSite","@id":"https:\/\/festiv-at-home.com\/#website","url":"https:\/\/festiv-at-home.com\/","name":"Festiv&#039;at Home","description":"The Virtual Doll festival","potentialAction":[{"@type":"SearchAction","target":{"@type":"EntryPoint","urlTemplate":"https:\/\/festiv-at-home.com\/?s={search_term_string}"},"query-input":{"@type":"PropertyValueSpecification","valueRequired":true,"valueName":"search_term_string"}}],"inLanguage":"en-GB"}]}},"_links":{"self":[{"href":"https:\/\/festiv-at-home.com\/en\/wp-json\/wp\/v2\/pages\/562","targetHints":{"allow":["GET"]}}],"collection":[{"href":"https:\/\/festiv-at-home.com\/en\/wp-json\/wp\/v2\/pages"}],"about":[{"href":"https:\/\/festiv-at-home.com\/en\/wp-json\/wp\/v2\/types\/page"}],"author":[{"embeddable":true,"href":"https:\/\/festiv-at-home.com\/en\/wp-json\/wp\/v2\/users\/1"}],"replies":[{"embeddable":true,"href":"https:\/\/festiv-at-home.com\/en\/wp-json\/wp\/v2\/comments?post=562"}],"version-history":[{"count":90,"href":"https:\/\/festiv-at-home.com\/en\/wp-json\/wp\/v2\/pages\/562\/revisions"}],"predecessor-version":[{"id":3979,"href":"https:\/\/festiv-at-home.com\/en\/wp-json\/wp\/v2\/pages\/562\/revisions\/3979"}],"wp:attachment":[{"href":"https:\/\/festiv-at-home.com\/en\/wp-json\/wp\/v2\/media?parent=562"}],"curies":[{"name":"wp","href":"https:\/\/api.w.org\/{rel}","templated":true}]}}