{"id":1498,"date":"2021-10-13T11:36:45","date_gmt":"2021-10-13T09:36:45","guid":{"rendered":"https:\/\/festiv-at-home.com\/?post_type=product&#038;p=1498"},"modified":"2025-10-19T18:01:29","modified_gmt":"2025-10-19T16:01:29","slug":"ticket-tombola-bjd","status":"publish","type":"product","link":"https:\/\/festiv-at-home.com\/en\/product\/ticket-tombola-bjd\/","title":{"rendered":"BJD Raffle Ticket"},"content":{"rendered":"<p>Ticket pour participer \u00e0 la tombola sur le th\u00e8me BJD de l&rsquo;\u00e9dition 2025 du Festiv&rsquo;at Home, le 19 octobre.<\/p>\n<p>Each ticket is a chance to win.<\/p>\n<p>During the draw, the tickets will be nominative, each win is definitive, no withdrawal.<\/p>\n<p>More details in the <a href=\"https:\/\/festiv-at-home.com\/en\/tombola\/\" target=\"_blank\" rel=\"noopener\">Raffle rules<\/a><\/p>\n<p>&#8212;&#8212;&#8212;<\/p>\n<p><strong>The ticket price includes Paypal fees.<\/strong><\/p>","protected":false},"excerpt":{"rendered":"<p>Ticket for BJD Raffle,<\/p>\n<p>Festiv&rsquo;at Home 5<\/p>\n<p><span style=\"color: #ff0000;\"><strong>PURCHASE FOR ADULTS ONLY!<\/strong><\/span><\/p>","protected":false},"featured_media":1513,"template":"","meta":{"_vp_format_video_url":"","_vp_image_focal_point":[]},"product_brand":[],"product_cat":[48],"product_tag":[],"class_list":{"0":"post-1498","1":"product","2":"type-product","3":"status-publish","4":"has-post-thumbnail","6":"product_cat-tombola","8":"first","9":"outofstock","10":"shipping-taxable","11":"purchasable","12":"product-type-simple"},"yoast_head":"<!-- This site is optimized with the Yoast SEO plugin v26.2 - https:\/\/yoast.com\/wordpress\/plugins\/seo\/ -->\n<title>Ticket Tombola BJD - Festiv&#039;at Home<\/title>\n<meta name=\"robots\" content=\"index, follow, max-snippet:-1, max-image-preview:large, max-video-preview:-1\" \/>\n<link rel=\"canonical\" href=\"https:\/\/festiv-at-home.com\/en\/product\/ticket-tombola-bjd\/\" \/>\n<meta property=\"og:locale\" content=\"en_GB\" \/>\n<meta property=\"og:type\" content=\"article\" \/>\n<meta property=\"og:title\" content=\"Ticket Tombola BJD - Festiv&#039;at Home\" \/>\n<meta property=\"og:description\" content=\"Ticket de tombola BJD,  Festiv&#039;at Home 5  ACHAT EXCLUSIVEMENT R\u00c9SERV\u00c9 AUX ADULTES !\" \/>\n<meta property=\"og:url\" content=\"https:\/\/festiv-at-home.com\/en\/product\/ticket-tombola-bjd\/\" \/>\n<meta property=\"og:site_name\" content=\"Festiv&#039;at Home\" \/>\n<meta property=\"article:modified_time\" content=\"2025-10-19T16:01:29+00:00\" \/>\n<meta property=\"og:image\" content=\"https:\/\/festiv-at-home.com\/wp-content\/uploads\/2021\/10\/TicketBJDraffle.jpg\" \/>\n\t<meta property=\"og:image:width\" content=\"800\" \/>\n\t<meta property=\"og:image:height\" content=\"800\" \/>\n\t<meta property=\"og:image:type\" content=\"image\/jpeg\" \/>\n<meta name=\"twitter:card\" content=\"summary_large_image\" \/>\n<meta name=\"twitter:label1\" content=\"Estimated reading time\" \/>\n\t<meta name=\"twitter:data1\" content=\"1 minute\" \/>\n<script type=\"application\/ld+json\" class=\"yoast-schema-graph\">{\"@context\":\"https:\/\/schema.org\",\"@graph\":[{\"@type\":\"WebPage\",\"@id\":\"https:\/\/festiv-at-home.com\/produit\/ticket-tombola-bjd\/\",\"url\":\"https:\/\/festiv-at-home.com\/produit\/ticket-tombola-bjd\/\",\"name\":\"Ticket Tombola BJD - Festiv&#039;at Home\",\"isPartOf\":{\"@id\":\"https:\/\/festiv-at-home.com\/#website\"},\"primaryImageOfPage\":{\"@id\":\"https:\/\/festiv-at-home.com\/produit\/ticket-tombola-bjd\/#primaryimage\"},\"image\":{\"@id\":\"https:\/\/festiv-at-home.com\/produit\/ticket-tombola-bjd\/#primaryimage\"},\"thumbnailUrl\":\"https:\/\/festiv-at-home.com\/wp-content\/uploads\/2021\/10\/TicketBJDraffle.jpg\",\"datePublished\":\"2021-10-13T09:36:45+00:00\",\"dateModified\":\"2025-10-19T16:01:29+00:00\",\"breadcrumb\":{\"@id\":\"https:\/\/festiv-at-home.com\/produit\/ticket-tombola-bjd\/#breadcrumb\"},\"inLanguage\":\"en-GB\",\"potentialAction\":[{\"@type\":\"ReadAction\",\"target\":[\"https:\/\/festiv-at-home.com\/produit\/ticket-tombola-bjd\/\"]}]},{\"@type\":\"ImageObject\",\"inLanguage\":\"en-GB\",\"@id\":\"https:\/\/festiv-at-home.com\/produit\/ticket-tombola-bjd\/#primaryimage\",\"url\":\"https:\/\/festiv-at-home.com\/wp-content\/uploads\/2021\/10\/TicketBJDraffle.jpg\",\"contentUrl\":\"https:\/\/festiv-at-home.com\/wp-content\/uploads\/2021\/10\/TicketBJDraffle.jpg\",\"width\":800,\"height\":800,\"caption\":\"Ticket tombola BJD\"},{\"@type\":\"BreadcrumbList\",\"@id\":\"https:\/\/festiv-at-home.com\/produit\/ticket-tombola-bjd\/#breadcrumb\",\"itemListElement\":[{\"@type\":\"ListItem\",\"position\":1,\"name\":\"Accueil\",\"item\":\"https:\/\/festiv-at-home.com\/\"},{\"@type\":\"ListItem\",\"position\":2,\"name\":\"Boutique\",\"item\":\"https:\/\/festiv-at-home.com\/en\/boutique\/\"},{\"@type\":\"ListItem\",\"position\":3,\"name\":\"Ticket Tombola BJD\"}]},{\"@type\":\"WebSite\",\"@id\":\"https:\/\/festiv-at-home.com\/#website\",\"url\":\"https:\/\/festiv-at-home.com\/\",\"name\":\"Festiv&#039;at Home\",\"description\":\"The Virtual Doll festival\",\"potentialAction\":[{\"@type\":\"SearchAction\",\"target\":{\"@type\":\"EntryPoint\",\"urlTemplate\":\"https:\/\/festiv-at-home.com\/?s={search_term_string}\"},\"query-input\":{\"@type\":\"PropertyValueSpecification\",\"valueRequired\":true,\"valueName\":\"search_term_string\"}}],\"inLanguage\":\"en-GB\"}]}<\/script>\n<!-- \/ Yoast SEO plugin. -->","yoast_head_json":{"title":"Ticket Tombola BJD - Festiv&#039;at Home","robots":{"index":"index","follow":"follow","max-snippet":"max-snippet:-1","max-image-preview":"max-image-preview:large","max-video-preview":"max-video-preview:-1"},"canonical":"https:\/\/festiv-at-home.com\/en\/product\/ticket-tombola-bjd\/","og_locale":"en_GB","og_type":"article","og_title":"Ticket Tombola BJD - Festiv&#039;at Home","og_description":"Ticket de tombola BJD,  Festiv'at Home 5  ACHAT EXCLUSIVEMENT R\u00c9SERV\u00c9 AUX ADULTES !","og_url":"https:\/\/festiv-at-home.com\/en\/product\/ticket-tombola-bjd\/","og_site_name":"Festiv&#039;at Home","article_modified_time":"2025-10-19T16:01:29+00:00","og_image":[{"width":800,"height":800,"url":"https:\/\/festiv-at-home.com\/wp-content\/uploads\/2021\/10\/TicketBJDraffle.jpg","type":"image\/jpeg"}],"twitter_card":"summary_large_image","twitter_misc":{"Estimated reading time":"1 minute"},"schema":{"@context":"https:\/\/schema.org","@graph":[{"@type":"WebPage","@id":"https:\/\/festiv-at-home.com\/produit\/ticket-tombola-bjd\/","url":"https:\/\/festiv-at-home.com\/produit\/ticket-tombola-bjd\/","name":"Ticket Tombola BJD - Festiv&#039;at Home","isPartOf":{"@id":"https:\/\/festiv-at-home.com\/#website"},"primaryImageOfPage":{"@id":"https:\/\/festiv-at-home.com\/produit\/ticket-tombola-bjd\/#primaryimage"},"image":{"@id":"https:\/\/festiv-at-home.com\/produit\/ticket-tombola-bjd\/#primaryimage"},"thumbnailUrl":"https:\/\/festiv-at-home.com\/wp-content\/uploads\/2021\/10\/TicketBJDraffle.jpg","datePublished":"2021-10-13T09:36:45+00:00","dateModified":"2025-10-19T16:01:29+00:00","breadcrumb":{"@id":"https:\/\/festiv-at-home.com\/produit\/ticket-tombola-bjd\/#breadcrumb"},"inLanguage":"en-GB","potentialAction":[{"@type":"ReadAction","target":["https:\/\/festiv-at-home.com\/produit\/ticket-tombola-bjd\/"]}]},{"@type":"ImageObject","inLanguage":"en-GB","@id":"https:\/\/festiv-at-home.com\/produit\/ticket-tombola-bjd\/#primaryimage","url":"https:\/\/festiv-at-home.com\/wp-content\/uploads\/2021\/10\/TicketBJDraffle.jpg","contentUrl":"https:\/\/festiv-at-home.com\/wp-content\/uploads\/2021\/10\/TicketBJDraffle.jpg","width":800,"height":800,"caption":"Ticket tombola BJD"},{"@type":"BreadcrumbList","@id":"https:\/\/festiv-at-home.com\/produit\/ticket-tombola-bjd\/#breadcrumb","itemListElement":[{"@type":"ListItem","position":1,"name":"Accueil","item":"https:\/\/festiv-at-home.com\/"},{"@type":"ListItem","position":2,"name":"Boutique","item":"https:\/\/festiv-at-home.com\/en\/boutique\/"},{"@type":"ListItem","position":3,"name":"Ticket Tombola BJD"}]},{"@type":"WebSite","@id":"https:\/\/festiv-at-home.com\/#website","url":"https:\/\/festiv-at-home.com\/","name":"Festiv&#039;at Home","description":"The Virtual Doll festival","potentialAction":[{"@type":"SearchAction","target":{"@type":"EntryPoint","urlTemplate":"https:\/\/festiv-at-home.com\/?s={search_term_string}"},"query-input":{"@type":"PropertyValueSpecification","valueRequired":true,"valueName":"search_term_string"}}],"inLanguage":"en-GB"}]}},"_links":{"self":[{"href":"https:\/\/festiv-at-home.com\/en\/wp-json\/wp\/v2\/product\/1498","targetHints":{"allow":["GET"]}}],"collection":[{"href":"https:\/\/festiv-at-home.com\/en\/wp-json\/wp\/v2\/product"}],"about":[{"href":"https:\/\/festiv-at-home.com\/en\/wp-json\/wp\/v2\/types\/product"}],"wp:featuredmedia":[{"embeddable":true,"href":"https:\/\/festiv-at-home.com\/en\/wp-json\/wp\/v2\/media\/1513"}],"wp:attachment":[{"href":"https:\/\/festiv-at-home.com\/en\/wp-json\/wp\/v2\/media?parent=1498"}],"wp:term":[{"taxonomy":"product_brand","embeddable":true,"href":"https:\/\/festiv-at-home.com\/en\/wp-json\/wp\/v2\/product_brand?post=1498"},{"taxonomy":"product_cat","embeddable":true,"href":"https:\/\/festiv-at-home.com\/en\/wp-json\/wp\/v2\/product_cat?post=1498"},{"taxonomy":"product_tag","embeddable":true,"href":"https:\/\/festiv-at-home.com\/en\/wp-json\/wp\/v2\/product_tag?post=1498"}],"curies":[{"name":"wp","href":"https:\/\/api.w.org\/{rel}","templated":true}]}}